{"id":834,"date":"2021-09-28T16:54:36","date_gmt":"2021-09-28T14:54:36","guid":{"rendered":"https:\/\/cardinal-mueller.com\/?page_id=834"},"modified":"2021-09-28T16:58:43","modified_gmt":"2021-09-28T14:58:43","slug":"hungarian","status":"publish","type":"page","link":"https:\/\/cardinal-mueller.com\/index.php\/publications\/books\/hungarian\/","title":{"rendered":"Hungarian"},"content":{"rendered":"\n<figure class=\"wp-block-image size-medium\"><img fetchpriority=\"high\" decoding=\"async\" width=\"201\" height=\"300\" src=\"https:\/\/cardinal-mueller.com\/wp-content\/uploads\/2021\/09\/B330052-201x300.jpeg\" alt=\"\" class=\"wp-image-838\" srcset=\"https:\/\/cardinal-mueller.com\/wp-content\/uploads\/2021\/09\/B330052-201x300.jpeg 201w, https:\/\/cardinal-mueller.com\/wp-content\/uploads\/2021\/09\/B330052.jpeg 235w\" sizes=\"(max-width: 201px) 100vw, 201px\" \/><\/figure>\n\n\n<h6 class=\"c-product__title\"><em>Katolikus dogmatika &#8211; a teol\u00f3gia tanulm\u00e1nyoz\u00e1s\u00e1hoz \u00e9s alkalmaz\u00e1s\u00e1hoz &#8211; A teol\u00f3gia tanulm\u00e1nyoz\u00e1s\u00e1hoz \u00e9s alkalmaz\u00e1s\u00e1hoz<\/em>,\u00a0Budapest 2007.<\/h6>\n\n\n<hr class=\"wp-block-separator is-style-wide\"\/>\n","protected":false},"excerpt":{"rendered":"<p>Katolikus dogmatika &#8211; a teol\u00f3gia tanulm\u00e1nyoz\u00e1s\u00e1hoz \u00e9s alkalmaz\u00e1s\u00e1hoz &#8211; A teol\u00f3gia tanulm\u00e1nyoz\u00e1s\u00e1hoz \u00e9s alkalmaz\u00e1s\u00e1hoz,\u00a0Budapest 2007.<\/p>\n","protected":false},"author":1,"featured_media":0,"parent":263,"menu_order":9,"comment_status":"closed","ping_status":"closed","template":"","meta":{"footnotes":""},"class_list":["post-834","page","type-page","status-publish","hentry"],"wps_subtitle":"","_links":{"self":[{"href":"https:\/\/cardinal-mueller.com\/index.php\/wp-json\/wp\/v2\/pages\/834","targetHints":{"allow":["GET"]}}],"collection":[{"href":"https:\/\/cardinal-mueller.com\/index.php\/wp-json\/wp\/v2\/pages"}],"about":[{"href":"https:\/\/cardinal-mueller.com\/index.php\/wp-json\/wp\/v2\/types\/page"}],"author":[{"embeddable":true,"href":"https:\/\/cardinal-mueller.com\/index.php\/wp-json\/wp\/v2\/users\/1"}],"replies":[{"embeddable":true,"href":"https:\/\/cardinal-mueller.com\/index.php\/wp-json\/wp\/v2\/comments?post=834"}],"version-history":[{"count":2,"href":"https:\/\/cardinal-mueller.com\/index.php\/wp-json\/wp\/v2\/pages\/834\/revisions"}],"predecessor-version":[{"id":840,"href":"https:\/\/cardinal-mueller.com\/index.php\/wp-json\/wp\/v2\/pages\/834\/revisions\/840"}],"up":[{"embeddable":true,"href":"https:\/\/cardinal-mueller.com\/index.php\/wp-json\/wp\/v2\/pages\/263"}],"wp:attachment":[{"href":"https:\/\/cardinal-mueller.com\/index.php\/wp-json\/wp\/v2\/media?parent=834"}],"curies":[{"name":"wp","href":"https:\/\/api.w.org\/{rel}","templated":true}]}}