{"id":774,"date":"2021-09-25T14:46:17","date_gmt":"2021-09-25T12:46:17","guid":{"rendered":"https:\/\/cardinal-mueller.com\/?page_id=774"},"modified":"2021-09-25T15:41:54","modified_gmt":"2021-09-25T13:41:54","slug":"other","status":"publish","type":"page","link":"https:\/\/cardinal-mueller.com\/index.php\/editing\/other\/","title":{"rendered":"Other"},"content":{"rendered":"\n<figure class=\"wp-block-image size-medium\"><img fetchpriority=\"high\" decoding=\"async\" width=\"187\" height=\"300\" src=\"https:\/\/cardinal-mueller.com\/wp-content\/uploads\/2021\/09\/31wKuyRHbhL-187x300.jpeg\" alt=\"\" class=\"wp-image-813\" srcset=\"https:\/\/cardinal-mueller.com\/wp-content\/uploads\/2021\/09\/31wKuyRHbhL-187x300.jpeg 187w, https:\/\/cardinal-mueller.com\/wp-content\/uploads\/2021\/09\/31wKuyRHbhL.jpeg 311w\" sizes=\"(max-width: 187px) 100vw, 187px\" \/><\/figure>\n\n\n<h6><em>Instruktion &#8222;Donum Veritatis\u201c \u00fcber die kirchliche Berufung des Theologen. Dokument und Kommentare der Glaubenskongregation<\/em>, W\u00fcrzburg 2011.<\/h6>\n\n\n<hr class=\"wp-block-separator is-style-wide\"\/>\n\n\n\n<figure class=\"wp-block-image size-medium\"><img decoding=\"async\" width=\"187\" height=\"300\" src=\"https:\/\/cardinal-mueller.com\/wp-content\/uploads\/2021\/09\/31wIdrQHWAL-187x300.jpeg\" alt=\"\" class=\"wp-image-811\" srcset=\"https:\/\/cardinal-mueller.com\/wp-content\/uploads\/2021\/09\/31wIdrQHWAL-187x300.jpeg 187w, https:\/\/cardinal-mueller.com\/wp-content\/uploads\/2021\/09\/31wIdrQHWAL.jpeg 311w\" sizes=\"(max-width: 187px) 100vw, 187px\" \/><\/figure>\n\n\n<h6><em>Der Primat des Nachfolgers Petri im Geheimnis der Kirche. Studien der Kongregation f\u00fcr die Glaubenslehre<\/em>, W\u00fcrzburg 2010.<\/h6>\n\n\n<hr class=\"wp-block-separator is-style-wide\"\/>\n\n\n\n<figure class=\"wp-block-image size-medium\"><img decoding=\"async\" width=\"188\" height=\"300\" src=\"https:\/\/cardinal-mueller.com\/wp-content\/uploads\/2021\/09\/41datyVwiIL-188x300.jpeg\" alt=\"\" class=\"wp-image-809\" srcset=\"https:\/\/cardinal-mueller.com\/wp-content\/uploads\/2021\/09\/41datyVwiIL-188x300.jpeg 188w, https:\/\/cardinal-mueller.com\/wp-content\/uploads\/2021\/09\/41datyVwiIL.jpeg 313w\" sizes=\"(max-width: 188px) 100vw, 188px\" \/><\/figure>\n\n\n<h6><em>Der Glaube ist einfach. Aspekte der Theologie Papst Benedikts XVI.<\/em>, Regensburg 2007.<span class=\"Apple-converted-space\">\u00a0<\/span><\/h6>\n\n\n<hr class=\"wp-block-separator is-style-wide\"\/>\n\n\n\n<figure class=\"wp-block-image size-medium\"><img loading=\"lazy\" decoding=\"async\" width=\"187\" height=\"300\" src=\"https:\/\/cardinal-mueller.com\/wp-content\/uploads\/2021\/09\/41gAEv615kL-187x300.jpeg\" alt=\"\" class=\"wp-image-807\" srcset=\"https:\/\/cardinal-mueller.com\/wp-content\/uploads\/2021\/09\/41gAEv615kL-187x300.jpeg 187w, https:\/\/cardinal-mueller.com\/wp-content\/uploads\/2021\/09\/41gAEv615kL.jpeg 312w\" sizes=\"(max-width: 187px) 100vw, 187px\" \/><\/figure>\n\n\n<h6>Von &#8222;Inter Insigniores\u201c bis &#8222;Ordinatio Sacerdotalis\u201c. Dokumente und Studien der Glaubenskongregation, W\u00fcrzburg 2006.<\/h6>\n\n\n<hr class=\"wp-block-separator is-style-wide\"\/>\n\n\n\n<figure class=\"wp-block-image size-medium is-resized\"><img loading=\"lazy\" decoding=\"async\" src=\"https:\/\/cardinal-mueller.com\/wp-content\/uploads\/2021\/09\/41YPx3-MDL-193x300.jpeg\" alt=\"\" class=\"wp-image-802\" width=\"190\" height=\"296\" srcset=\"https:\/\/cardinal-mueller.com\/wp-content\/uploads\/2021\/09\/41YPx3-MDL-193x300.jpeg 193w, https:\/\/cardinal-mueller.com\/wp-content\/uploads\/2021\/09\/41YPx3-MDL.jpeg 321w\" sizes=\"(max-width: 190px) 100vw, 190px\" \/><\/figure>\n\n\n<h6><em>Der Diakonat \u2013 Entwicklung und Perspektiven. Studien der Internationalen Theologischen Kommission zum sakramentalen Diakonat<\/em>, W\u00fcrzburg 2004.<\/h6>\n\n\n<hr class=\"wp-block-separator is-style-wide\"\/>\n\n\n\n<figure class=\"wp-block-image size-medium\"><img loading=\"lazy\" decoding=\"async\" width=\"190\" height=\"300\" src=\"https:\/\/cardinal-mueller.com\/wp-content\/uploads\/2021\/09\/Die-Heilsuniversalitat-Christi-und-der-Kirche-190x300.jpeg\" alt=\"\" class=\"wp-image-798\" srcset=\"https:\/\/cardinal-mueller.com\/wp-content\/uploads\/2021\/09\/Die-Heilsuniversalitat-Christi-und-der-Kirche-190x300.jpeg 190w, https:\/\/cardinal-mueller.com\/wp-content\/uploads\/2021\/09\/Die-Heilsuniversalitat-Christi-und-der-Kirche.jpeg 285w\" sizes=\"(max-width: 190px) 100vw, 190px\" \/><\/figure>\n\n\n<h6><em>Die Heilsuniversalit\u00e4t Christi und der Kirche. Originaltexte und Studien der r\u00f6mischen Glaubenskongregation zur Erkl\u00e4rung &#8222;Dominus Iesus&#8221;<\/em>, W\u00fcrzburg 2003.<\/h6>\n\n\n<hr class=\"wp-block-separator is-style-wide\"\/>\n\n\n\n<figure class=\"wp-block-image size-medium is-resized\"><img loading=\"lazy\" decoding=\"async\" src=\"https:\/\/cardinal-mueller.com\/wp-content\/uploads\/2021\/09\/Muller-Gerhard-Ludwig-HrsgEinzigkeit-und-Universalitat-Jesu-Christi-Im-Dialog-mit-den-Rel-221x300.jpeg\" alt=\"\" class=\"wp-image-796\" width=\"189\" height=\"257\" srcset=\"https:\/\/cardinal-mueller.com\/wp-content\/uploads\/2021\/09\/Muller-Gerhard-Ludwig-HrsgEinzigkeit-und-Universalitat-Jesu-Christi-Im-Dialog-mit-den-Rel-221x300.jpeg 221w, https:\/\/cardinal-mueller.com\/wp-content\/uploads\/2021\/09\/Muller-Gerhard-Ludwig-HrsgEinzigkeit-und-Universalitat-Jesu-Christi-Im-Dialog-mit-den-Rel.jpeg 589w\" sizes=\"(max-width: 189px) 100vw, 189px\" \/><\/figure>\n\n\n<h6><em>Einzigkeit und Universalit\u00e4t Jesu Christi. Im Dialog mit den Religionen<\/em>, Freiburg 2001.<\/h6>\n\n\n<hr class=\"wp-block-separator is-style-wide\"\/>\n\n\n\n<figure class=\"wp-block-image size-medium\"><img loading=\"lazy\" decoding=\"async\" width=\"185\" height=\"300\" src=\"https:\/\/cardinal-mueller.com\/wp-content\/uploads\/2021\/09\/51JSF06BHGL-185x300.jpeg\" alt=\"\" class=\"wp-image-793\" srcset=\"https:\/\/cardinal-mueller.com\/wp-content\/uploads\/2021\/09\/51JSF06BHGL-185x300.jpeg 185w, https:\/\/cardinal-mueller.com\/wp-content\/uploads\/2021\/09\/51JSF06BHGL.jpeg 293w\" sizes=\"(max-width: 185px) 100vw, 185px\" \/><\/figure>\n\n\n<h6><em>Gnadenlehre<\/em> I-II, Graz 1996.<\/h6>\n\n\n<hr class=\"wp-block-separator is-style-wide\"\/>\n\n\n\n<figure class=\"wp-block-image size-medium\"><img loading=\"lazy\" decoding=\"async\" width=\"189\" height=\"300\" src=\"https:\/\/cardinal-mueller.com\/wp-content\/uploads\/2021\/09\/81ExgDW-UTL-189x300.jpeg\" alt=\"\" class=\"wp-image-790\" srcset=\"https:\/\/cardinal-mueller.com\/wp-content\/uploads\/2021\/09\/81ExgDW-UTL-189x300.jpeg 189w, https:\/\/cardinal-mueller.com\/wp-content\/uploads\/2021\/09\/81ExgDW-UTL-645x1024.jpeg 645w, https:\/\/cardinal-mueller.com\/wp-content\/uploads\/2021\/09\/81ExgDW-UTL-768x1219.jpeg 768w, https:\/\/cardinal-mueller.com\/wp-content\/uploads\/2021\/09\/81ExgDW-UTL-967x1536.jpeg 967w, https:\/\/cardinal-mueller.com\/wp-content\/uploads\/2021\/09\/81ExgDW-UTL.jpeg 1007w\" sizes=\"(max-width: 189px) 100vw, 189px\" \/><\/figure>\n\n\n<h6><em>Der Heilige Geist<\/em>, Graz 1993.<\/h6>\n\n\n<hr class=\"wp-block-separator is-style-wide\"\/>\n\n\n\n<figure class=\"wp-block-image size-medium\"><img loading=\"lazy\" decoding=\"async\" width=\"185\" height=\"300\" src=\"https:\/\/cardinal-mueller.com\/wp-content\/uploads\/2021\/09\/41RGN1PmPEL._SX306_BO1204203200_-185x300.jpeg\" alt=\"\" class=\"wp-image-788\" srcset=\"https:\/\/cardinal-mueller.com\/wp-content\/uploads\/2021\/09\/41RGN1PmPEL._SX306_BO1204203200_-185x300.jpeg 185w, https:\/\/cardinal-mueller.com\/wp-content\/uploads\/2021\/09\/41RGN1PmPEL._SX306_BO1204203200_.jpeg 308w\" sizes=\"(max-width: 185px) 100vw, 185px\" \/><\/figure>\n\n\n<h6><em>Bonhoeffer Dietrich. Gemeinsames Leben. Das Gebetbuch der Bibel<\/em>, Berlin 1988.<\/h6>\n\n\n<hr class=\"wp-block-separator is-style-wide\"\/>\n\n\n\n<figure class=\"wp-block-image size-medium\"><img loading=\"lazy\" decoding=\"async\" width=\"196\" height=\"300\" src=\"https:\/\/cardinal-mueller.com\/wp-content\/uploads\/2021\/09\/Gerhard-Ludwig-MullerHeiligenverehrung-Ihr-Sitz-im-Leben-des-Glaubens-und-ihre-Aktualitat-im-e1632575050465-196x300.jpeg\" alt=\"\" class=\"wp-image-784\" srcset=\"https:\/\/cardinal-mueller.com\/wp-content\/uploads\/2021\/09\/Gerhard-Ludwig-MullerHeiligenverehrung-Ihr-Sitz-im-Leben-des-Glaubens-und-ihre-Aktualitat-im-e1632575050465-196x300.jpeg 196w, https:\/\/cardinal-mueller.com\/wp-content\/uploads\/2021\/09\/Gerhard-Ludwig-MullerHeiligenverehrung-Ihr-Sitz-im-Leben-des-Glaubens-und-ihre-Aktualitat-im-e1632575050465.jpeg 499w\" sizes=\"(max-width: 196px) 100vw, 196px\" \/><\/figure>\n\n\n<h6><em>Heiligenverehrung &#8211; ihr Sitz im Leben des Glaubens und ihre Aktualit\u00e4t im \u00f6kumenischen Gespr\u00e4ch<\/em>, M\u00fcnchen 1986.<\/h6>\n\n\n<hr class=\"wp-block-separator is-style-wide\"\/>\n","protected":false},"excerpt":{"rendered":"<p>Instruktion &#8222;Donum Veritatis\u201c \u00fcber die kirchliche Berufung des Theologen. Dokument und Kommentare der Glaubenskongregation, W\u00fcrzburg 2011. Der Primat des Nachfolgers Petri im Geheimnis der Kirche. Studien der Kongregation f\u00fcr die Glaubenslehre, W\u00fcrzburg 2010. Der Glaube ist einfach. Aspekte der Theologie Papst Benedikts XVI., Regensburg 2007.\u00a0 Von &#8222;Inter Insigniores\u201c bis &#8222;Ordinatio Sacerdotalis\u201c. Dokumente und Studien der [&hellip;]<\/p>\n","protected":false},"author":1,"featured_media":0,"parent":772,"menu_order":2,"comment_status":"closed","ping_status":"closed","template":"","meta":{"footnotes":""},"class_list":["post-774","page","type-page","status-publish","hentry"],"wps_subtitle":"","_links":{"self":[{"href":"https:\/\/cardinal-mueller.com\/index.php\/wp-json\/wp\/v2\/pages\/774","targetHints":{"allow":["GET"]}}],"collection":[{"href":"https:\/\/cardinal-mueller.com\/index.php\/wp-json\/wp\/v2\/pages"}],"about":[{"href":"https:\/\/cardinal-mueller.com\/index.php\/wp-json\/wp\/v2\/types\/page"}],"author":[{"embeddable":true,"href":"https:\/\/cardinal-mueller.com\/index.php\/wp-json\/wp\/v2\/users\/1"}],"replies":[{"embeddable":true,"href":"https:\/\/cardinal-mueller.com\/index.php\/wp-json\/wp\/v2\/comments?post=774"}],"version-history":[{"count":14,"href":"https:\/\/cardinal-mueller.com\/index.php\/wp-json\/wp\/v2\/pages\/774\/revisions"}],"predecessor-version":[{"id":814,"href":"https:\/\/cardinal-mueller.com\/index.php\/wp-json\/wp\/v2\/pages\/774\/revisions\/814"}],"up":[{"embeddable":true,"href":"https:\/\/cardinal-mueller.com\/index.php\/wp-json\/wp\/v2\/pages\/772"}],"wp:attachment":[{"href":"https:\/\/cardinal-mueller.com\/index.php\/wp-json\/wp\/v2\/media?parent=774"}],"curies":[{"name":"wp","href":"https:\/\/api.w.org\/{rel}","templated":true}]}}